{"id":14,"date":"2024-04-05T20:13:29","date_gmt":"2024-04-05T18:13:29","guid":{"rendered":"https:\/\/lchzvisuals.fr\/?page_id=14"},"modified":"2026-02-09T14:54:25","modified_gmt":"2026-02-09T13:54:25","slug":"prestations","status":"publish","type":"page","link":"https:\/\/lchzvisuals.fr\/index.php\/prestations\/","title":{"rendered":"Prestations"},"content":{"rendered":"\t\t<div data-elementor-type=\"wp-page\" data-elementor-id=\"14\" class=\"elementor elementor-14\">\n\t\t\t\t<div class=\"elementor-element elementor-element-b7d4ae8 e-flex e-con-boxed wpr-particle-no wpr-jarallax-no wpr-parallax-no wpr-sticky-section-no e-con e-parent\" data-id=\"b7d4ae8\" data-element_type=\"container\" data-e-type=\"container\">\n\t\t\t\t\t<div class=\"e-con-inner\">\n\t\t\t\t<div class=\"elementor-element elementor-element-4e600aa elementor-widget elementor-widget-heading\" data-id=\"4e600aa\" data-element_type=\"widget\" data-e-type=\"widget\" data-widget_type=\"heading.default\">\n\t\t\t\t<div class=\"elementor-widget-container\">\n\t\t\t\t\t<h2 class=\"elementor-heading-title elementor-size-default\">Prestations<\/h2>\t\t\t\t<\/div>\n\t\t\t\t<\/div>\n\t\t\t\t<div class=\"elementor-element elementor-element-4faa7d0 elementor-widget elementor-widget-text-editor\" data-id=\"4faa7d0\" data-element_type=\"widget\" data-e-type=\"widget\" data-widget_type=\"text-editor.default\">\n\t\t\t\t<div class=\"elementor-widget-container\">\n\t\t\t\t\t\t\t\t\t<p>Je propose des prestations sur diff\u00e9rents domaines. Par quoi \u00eates vous int\u00e9ress\u00e9 ?<\/p>\t\t\t\t\t\t\t\t<\/div>\n\t\t\t\t<\/div>\n\t\t\t\t\t<\/div>\n\t\t\t\t<\/div>\n\t\t<div class=\"elementor-element elementor-element-83b63fa e-flex e-con-boxed wpr-particle-no wpr-jarallax-no wpr-parallax-no wpr-sticky-section-no e-con e-parent\" data-id=\"83b63fa\" data-element_type=\"container\" data-e-type=\"container\">\n\t\t\t\t\t<div class=\"e-con-inner\">\n\t\t\t\t<div class=\"elementor-element elementor-element-e8e288d bdt-navigation-type-dots bdt-item-match-height--yes bdt-carousel-style-carousel elementor-widget elementor-widget-bdt-static-carousel\" data-id=\"e8e288d\" data-element_type=\"widget\" data-e-type=\"widget\" data-widget_type=\"bdt-static-carousel.default\">\n\t\t\t\t<div class=\"elementor-widget-container\">\n\t\t\t\t\t\t\t<div id=\"bdt-static-carousel-e8e288d\" class=\"bdt-dots-align-bottom-center bdt-static-carousel\" data-settings=\"{&quot;autoplay&quot;:{&quot;delay&quot;:5000,&quot;disableOnInteraction&quot;:false},&quot;loop&quot;:true,&quot;speed&quot;:600,&quot;slidesPerView&quot;:1,&quot;slidesPerGroup&quot;:1,&quot;grabCursor&quot;:true,&quot;effect&quot;:&quot;carousel&quot;,&quot;breakpoints&quot;:{&quot;767&quot;:{&quot;slidesPerView&quot;:2,&quot;spaceBetween&quot;:0,&quot;slidesPerGroup&quot;:1},&quot;1023&quot;:{&quot;slidesPerView&quot;:4,&quot;spaceBetween&quot;:15,&quot;slidesPerGroup&quot;:1}},&quot;navigation&quot;:{&quot;nextEl&quot;:&quot;#bdt-static-carousel-e8e288d .bdt-navigation-next&quot;,&quot;prevEl&quot;:&quot;#bdt-static-carousel-e8e288d .bdt-navigation-prev&quot;},&quot;pagination&quot;:{&quot;el&quot;:&quot;#bdt-static-carousel-e8e288d .swiper-pagination&quot;,&quot;type&quot;:&quot;bullets&quot;,&quot;clickable&quot;:&quot;true&quot;,&quot;dynamicBullets&quot;:false},&quot;scrollbar&quot;:{&quot;el&quot;:&quot;#bdt-static-carousel-e8e288d .swiper-scrollbar&quot;,&quot;hide&quot;:&quot;true&quot;},&quot;coverflowEffect&quot;:{&quot;rotate&quot;:50,&quot;stretch&quot;:0,&quot;depth&quot;:100,&quot;modifier&quot;:1,&quot;slideShadows&quot;:true}}\">\n\t\t\t<div class=\"swiper-carousel swiper\" role=\"region\" aria-roledescription=\"carousel\" aria-label=\"Static Carousel\" dir=\"ltr\">\n\t\t\t\t<div class=\"swiper-wrapper\">\n\t\t\t\t\t\t\t\t\t\t<div class=\"bdt-ep-static-carousel-item swiper-slide\">\n\t\t\t\t\t\t<div class=\"bdt-flex bdt-ep-static-carousel-image\">\n\t\t\t<img fetchpriority=\"high\" decoding=\"async\" width=\"1620\" height=\"1080\" src=\"https:\/\/lchzvisuals.fr\/wp-content\/uploads\/2024\/04\/produitmalone-14.jpeg\" class=\"attachment-full size-full\" alt=\"Entreprise\" srcset=\"https:\/\/lchzvisuals.fr\/wp-content\/uploads\/2024\/04\/produitmalone-14.jpeg 1620w, https:\/\/lchzvisuals.fr\/wp-content\/uploads\/2024\/04\/produitmalone-14-600x400.jpeg 600w, https:\/\/lchzvisuals.fr\/wp-content\/uploads\/2024\/04\/produitmalone-14-300x200.jpeg 300w, https:\/\/lchzvisuals.fr\/wp-content\/uploads\/2024\/04\/produitmalone-14-1024x683.jpeg 1024w, https:\/\/lchzvisuals.fr\/wp-content\/uploads\/2024\/04\/produitmalone-14-768x512.jpeg 768w, https:\/\/lchzvisuals.fr\/wp-content\/uploads\/2024\/04\/produitmalone-14-1536x1024.jpeg 1536w, https:\/\/lchzvisuals.fr\/wp-content\/uploads\/2024\/04\/produitmalone-14-930x620.jpeg 930w\" sizes=\"(max-width: 1620px) 100vw, 1620px\" \/>\t\t\t\t\t<\/div>\n\t\t\t\t\t\t<div class=\"bdt-ep-static-carousel-content\">\n\t\t\t\t\t\t\t\t\t\t\t\t\t\t\t\t\t\t\t<h3 class=\"bdt-ep-static-carousel-title ep-title-\">\n\t\t\t\tEntreprise\t\t\t\t\t\t\t<\/h3>\n\t\t\t\t\t\t\t\t\t\t\t<div class=\"bdt-ep-static-carousel-text\">\n\t\t\t<p>Je vous accompagne pour mettre en avant vos services, vos collaborateurs, votre savoir-faire<\/p>\t\t<\/div>\n\t\t\t\t\t\t\t\t\t<div class=\"bdt-ep-static-carousel-readmore-wrap\">\n\t\t\t<a class=\"bdt-ep-static-carousel-readmore\" href=\"https:\/\/lchzvisuals.fr\/index.php\/prestation-entreprise\/\" target=\"_blank\">\n\t\t\t\tPlus d&#039;informations\t\t\t\t\t\t\t<\/a>\n\t\t<\/div>\n\t\t\t\t\t\t<\/div>\n\t\t\t\t\t\t\t<\/div>\n\t\t\t\t\t\t\t\t<div class=\"bdt-ep-static-carousel-item swiper-slide\">\n\t\t\t\t\t\t<div class=\"bdt-flex bdt-ep-static-carousel-image bdt-flex bdt-ep-static-carousel-image\">\n\t\t\t<img decoding=\"async\" width=\"2500\" height=\"1667\" src=\"https:\/\/lchzvisuals.fr\/wp-content\/uploads\/2025\/05\/LCH01862.jpg\" class=\"attachment-full size-full\" alt=\"Automobile\" srcset=\"https:\/\/lchzvisuals.fr\/wp-content\/uploads\/2025\/05\/LCH01862.jpg 2500w, https:\/\/lchzvisuals.fr\/wp-content\/uploads\/2025\/05\/LCH01862-768x512.jpg 768w, https:\/\/lchzvisuals.fr\/wp-content\/uploads\/2025\/05\/LCH01862-1536x1024.jpg 1536w, https:\/\/lchzvisuals.fr\/wp-content\/uploads\/2025\/05\/LCH01862-2048x1366.jpg 2048w, https:\/\/lchzvisuals.fr\/wp-content\/uploads\/2025\/05\/LCH01862-930x620.jpg 930w\" sizes=\"(max-width: 2500px) 100vw, 2500px\" \/>\t\t\t\t\t<\/div>\n\t\t\t\t\t\t<div class=\"bdt-ep-static-carousel-content\">\n\t\t\t\t\t\t\t\t\t\t\t\t\t\t\t\t\t\t\t<h3 class=\"bdt-ep-static-carousel-title ep-title-\">\n\t\t\t\tAutomobile\t\t\t\t\t\t\t<\/h3>\n\t\t\t\t\t\t\t\t\t\t\t<div class=\"bdt-ep-static-carousel-text\">\n\t\t\t<p>Con\u00e7u sp\u00e9cialement pour les passionn\u00e9s et les professionnels de l'automobile<\/p>\t\t<\/div>\n\t\t\t\t\t\t\t\t\t<div class=\"bdt-ep-static-carousel-readmore-wrap\">\n\t\t\t<a class=\"bdt-ep-static-carousel-readmore\" href=\"https:\/\/lchzvisuals.fr\/index.php\/prestation-automobile\/\" target=\"_blank\">\n\t\t\t\tPlus d&#039;informations\t\t\t\t\t\t\t<\/a>\n\t\t<\/div>\n\t\t\t\t\t\t<\/div>\n\t\t\t\t\t\t\t<\/div>\n\t\t\t\t\t\t\t\t<div class=\"bdt-ep-static-carousel-item swiper-slide\">\n\t\t\t\t\t\t<div class=\"bdt-flex bdt-ep-static-carousel-image bdt-flex bdt-ep-static-carousel-image bdt-flex bdt-ep-static-carousel-image\">\n\t\t\t<img decoding=\"async\" width=\"2000\" height=\"1333\" src=\"https:\/\/lchzvisuals.fr\/wp-content\/uploads\/2024\/04\/LCH09508.jpg\" class=\"attachment-full size-full\" alt=\"Portrait | Couple\" srcset=\"https:\/\/lchzvisuals.fr\/wp-content\/uploads\/2024\/04\/LCH09508.jpg 2000w, https:\/\/lchzvisuals.fr\/wp-content\/uploads\/2024\/04\/LCH09508-300x200.jpg 300w, https:\/\/lchzvisuals.fr\/wp-content\/uploads\/2024\/04\/LCH09508-1024x682.jpg 1024w, https:\/\/lchzvisuals.fr\/wp-content\/uploads\/2024\/04\/LCH09508-768x512.jpg 768w, https:\/\/lchzvisuals.fr\/wp-content\/uploads\/2024\/04\/LCH09508-1536x1024.jpg 1536w, https:\/\/lchzvisuals.fr\/wp-content\/uploads\/2024\/04\/LCH09508-930x620.jpg 930w, https:\/\/lchzvisuals.fr\/wp-content\/uploads\/2024\/04\/LCH09508-600x400.jpg 600w\" sizes=\"(max-width: 2000px) 100vw, 2000px\" \/>\t\t\t\t\t<\/div>\n\t\t\t\t\t\t<div class=\"bdt-ep-static-carousel-content\">\n\t\t\t\t\t\t\t\t\t\t\t\t\t\t\t\t\t\t\t<h3 class=\"bdt-ep-static-carousel-title ep-title-\">\n\t\t\t\tPortrait | Couple\t\t\t\t\t\t\t<\/h3>\n\t\t\t\t\t\t\t\t\t\t\t<div class=\"bdt-ep-static-carousel-text\">\n\t\t\t<p>Ecrivez votre histoire, je raconte la votre, que vous soyez seul, \u00e0 deux ou en groupe<\/p>\t\t<\/div>\n\t\t\t\t\t\t\t\t\t<div class=\"bdt-ep-static-carousel-readmore-wrap\">\n\t\t\t<a class=\"bdt-ep-static-carousel-readmore\" href=\"https:\/\/lchzvisuals.fr\/index.php\/prestation-portrait\/\" target=\"_blank\">\n\t\t\t\tPlus d&#039;informations\t\t\t\t\t\t\t<\/a>\n\t\t<\/div>\n\t\t\t\t\t\t<\/div>\n\t\t\t\t\t\t\t<\/div>\n\t\t\t\t\t\t\t\t<div class=\"bdt-ep-static-carousel-item swiper-slide\">\n\t\t\t\t\t\t<div class=\"bdt-flex bdt-ep-static-carousel-image bdt-flex bdt-ep-static-carousel-image bdt-flex bdt-ep-static-carousel-image bdt-flex bdt-ep-static-carousel-image\">\n\t\t\t<img loading=\"lazy\" decoding=\"async\" width=\"1620\" height=\"1080\" src=\"https:\/\/lchzvisuals.fr\/wp-content\/uploads\/2025\/11\/HO.jpg\" class=\"attachment-full size-full\" alt=\"Vid\u00e9ographie\" srcset=\"https:\/\/lchzvisuals.fr\/wp-content\/uploads\/2025\/11\/HO.jpg 1620w, https:\/\/lchzvisuals.fr\/wp-content\/uploads\/2025\/11\/HO-768x512.jpg 768w, https:\/\/lchzvisuals.fr\/wp-content\/uploads\/2025\/11\/HO-1536x1024.jpg 1536w, https:\/\/lchzvisuals.fr\/wp-content\/uploads\/2025\/11\/HO-930x620.jpg 930w\" sizes=\"(max-width: 1620px) 100vw, 1620px\" \/>\t\t\t\t\t<\/div>\n\t\t\t\t\t\t<div class=\"bdt-ep-static-carousel-content\">\n\t\t\t\t\t\t\t\t\t\t\t\t\t\t\t\t\t\t\t<h3 class=\"bdt-ep-static-carousel-title ep-title-\">\n\t\t\t\tVid\u00e9ographie\t\t\t\t\t\t\t<\/h3>\n\t\t\t\t\t\t\t\t\t\t\t<div class=\"bdt-ep-static-carousel-text\">\n\t\t\t<p>Pour rendre vos histoires encore plus vivantes<\/p>\t\t<\/div>\n\t\t\t\t\t\t\t\t\t<div class=\"bdt-ep-static-carousel-readmore-wrap\">\n\t\t\t<a class=\"bdt-ep-static-carousel-readmore\" href=\"https:\/\/lchzvisuals.fr\/index.php\/prestation-video\/\" target=\"_blank\">\n\t\t\t\tPlus d&#039;informations\t\t\t\t\t\t\t<\/a>\n\t\t<\/div>\n\t\t\t\t\t\t<\/div>\n\t\t\t\t\t\t\t<\/div>\n\t\t\t\t\t\t<\/div>\n\t\t\t\t\t<div class=\"swiper-scrollbar\"><\/div>\n\t\t\t\t<\/div>\n\n\t\t\t\t\t\t\t\t<div class=\"bdt-position-z-index bdt-position-bottom-center\">\n\t\t\t\t<div class=\"bdt-dots-container\">\n\t\t\t\t\t<div class=\"swiper-pagination\"><\/div>\n\t\t\t\t<\/div>\n\t\t\t<\/div>\n\n\t\t\t\t\t\t\t\n\t\t<\/div>\n\n\t\t\t\t<\/div>\n\t\t\t\t<\/div>\n\t\t\t\t\t<\/div>\n\t\t\t\t<\/div>\n\t\t\t\t<\/div>\n\t\t","protected":false},"excerpt":{"rendered":"<p>Prestations Je propose des prestations sur diff\u00e9rents domaines. Par quoi \u00eates vous int\u00e9ress\u00e9 ? Entreprise Je vous accompagne pour mettre en avant vos services, vos collaborateurs, votre savoir-faire Plus d&#039;informations Automobile Con\u00e7u sp\u00e9cialement pour les passionn\u00e9s et les professionnels de l&rsquo;automobile Plus d&#039;informations Portrait | Couple Ecrivez votre histoire, je raconte la votre, que vous soyez seul, \u00e0 deux ou en groupe Plus d&#039;informations Vid\u00e9ographie Pour rendre vos histoires encore plus vivantes Plus d&#039;informations<\/p>\n","protected":false},"author":1,"featured_media":0,"parent":0,"menu_order":0,"comment_status":"closed","ping_status":"closed","template":"page-templates\/template-pagebuilder-full-width.php","meta":{"neve_meta_sidebar":"","neve_meta_container":"","neve_meta_enable_content_width":"","neve_meta_content_width":0,"neve_meta_title_alignment":"","neve_meta_author_avatar":"","neve_post_elements_order":"","neve_meta_disable_header":"","neve_meta_disable_footer":"","neve_meta_disable_title":"","footnotes":""},"folder":[],"class_list":["post-14","page","type-page","status-publish","hentry"],"rttpg_featured_image_url":null,"rttpg_author":{"display_name":"Laurick","author_link":"https:\/\/lchzvisuals.fr\/index.php\/author\/admin3576\/"},"rttpg_comment":0,"rttpg_category":false,"rttpg_excerpt":"Prestations Je propose des prestations sur diff\u00e9rents domaines. Par quoi \u00eates vous int\u00e9ress\u00e9 ? Entreprise Je vous accompagne pour mettre en avant vos services, vos collaborateurs, votre savoir-faire Plus d&#039;informations Automobile Con\u00e7u sp\u00e9cialement pour les passionn\u00e9s et les professionnels de l&rsquo;automobile Plus d&#039;informations Portrait | Couple Ecrivez votre histoire, je raconte la votre, que vous\u2026","_links":{"self":[{"href":"https:\/\/lchzvisuals.fr\/index.php\/wp-json\/wp\/v2\/pages\/14","targetHints":{"allow":["GET"]}}],"collection":[{"href":"https:\/\/lchzvisuals.fr\/index.php\/wp-json\/wp\/v2\/pages"}],"about":[{"href":"https:\/\/lchzvisuals.fr\/index.php\/wp-json\/wp\/v2\/types\/page"}],"author":[{"embeddable":true,"href":"https:\/\/lchzvisuals.fr\/index.php\/wp-json\/wp\/v2\/users\/1"}],"replies":[{"embeddable":true,"href":"https:\/\/lchzvisuals.fr\/index.php\/wp-json\/wp\/v2\/comments?post=14"}],"version-history":[{"count":187,"href":"https:\/\/lchzvisuals.fr\/index.php\/wp-json\/wp\/v2\/pages\/14\/revisions"}],"predecessor-version":[{"id":3272,"href":"https:\/\/lchzvisuals.fr\/index.php\/wp-json\/wp\/v2\/pages\/14\/revisions\/3272"}],"wp:attachment":[{"href":"https:\/\/lchzvisuals.fr\/index.php\/wp-json\/wp\/v2\/media?parent=14"}],"wp:term":[{"taxonomy":"folder","embeddable":true,"href":"https:\/\/lchzvisuals.fr\/index.php\/wp-json\/wp\/v2\/folder?post=14"}],"curies":[{"name":"wp","href":"https:\/\/api.w.org\/{rel}","templated":true}]}}