{"id":1429,"date":"2024-04-17T15:44:24","date_gmt":"2024-04-17T13:44:24","guid":{"rendered":"https:\/\/lchzvisuals.fr\/?page_id=1429"},"modified":"2025-01-12T15:18:47","modified_gmt":"2025-01-12T14:18:47","slug":"videos","status":"publish","type":"page","link":"https:\/\/lchzvisuals.fr\/index.php\/videos\/","title":{"rendered":"Vid\u00e9os"},"content":{"rendered":"\t\t<div data-elementor-type=\"wp-page\" data-elementor-id=\"1429\" class=\"elementor elementor-1429\">\n\t\t\t\t<div class=\"elementor-element elementor-element-bffd628 e-con-full e-flex wpr-particle-no wpr-jarallax-no wpr-parallax-no wpr-sticky-section-no e-con e-parent\" data-id=\"bffd628\" data-element_type=\"container\" data-e-type=\"container\">\n\t\t\t\t<div class=\"elementor-element elementor-element-5ff77d8 title_position_default title_hover_border_default title-default img_hover_animation_default readmore-btn-default-style grid-hover-overlay-type-always tpg-el-box-border-enable tpg-border-bottom-disable elementor-widget elementor-widget-tpg-grid-layout\" data-id=\"5ff77d8\" data-element_type=\"widget\" data-e-type=\"widget\" data-widget_type=\"tpg-grid-layout.default\">\n\t\t\t\t<div class=\"elementor-widget-container\">\n\t\t\t\t\t\t\t<div class=\"rt-container-fluid rt-tpg-container tpg-el-main-wrapper clearfix grid-layout3-main \"\n\t\t\t id=\"rt-tpg-container-3241818691\"\n\t\t\t data-layout=\"grid-layout3\"\n\t\t\t data-grid-style=\"tpg-full-height\"\n\t\t\t data-sc-id=\"elementor\"\n\t\t\t data-el-settings=''\n\t\t\t data-el-query=''\n\t\t\t data-el-path=''\n\t\t>\n\t\t\t\t\t\t<div class='tpg-header-wrapper '>\n\t\t\t\t\t\t\t<\/div>\n\n\t\t\t<div data-title=\"Loading ...\" class=\"rt-row rt-content-loader grid-layout3 grid-behaviour tpg-full-height grid_layout_wrapper\">\n\t\t\t\t\n<div class=\"rt-col-md-4 rt-col-sm-6 rt-col-xs-12 default rt-grid-item\" data-id=\"2918\">\n\t<div class=\"rt-holder tpg-post-holder \">\n\t\t<div class=\"rt-detail rt-el-content-wrapper\">\n\t\t\t\t\t\t\t<div class=\"rt-img-holder tpg-el-image-wrap has-no-thumbnail\">\n\t\t\t\t\t<a data-id=\"2918\" href=\"https:\/\/lchzvisuals.fr\/index.php\/2025\/08\/30\/mc-autosport-2025\/\" class=\"tpg-post-link\" target=\"_self\"><img fetchpriority=\"high\" class='rt-img-responsive' src='https:\/\/lchzvisuals.fr\/wp-content\/uploads\/2025\/08\/LCH04113.jpg' width=\"2500\" height=\"1667\" alt='MC AUTOSPORT &#8211; 2025'>\t\t\n\t\t<\/a>\n\t\t        <div class=\"overlay grid-hover-content\"><\/div>\n\t\t\t\t\t\t<\/div>\n\t\t\t\n\n\t\t\t<div class=\"entry-title-wrapper\"><h3 class=\"entry-title\"><a data-id=\"2918\" href=\"https:\/\/lchzvisuals.fr\/index.php\/2025\/08\/30\/mc-autosport-2025\/\" class=\"tpg-post-link\" target=\"_self\">MC AUTOSPORT &#8211; 2025<\/a><\/h3><\/div>\n\t\t\t\n\t\t\t\t\t\t\t<div class=\"tpg-excerpt tpg-el-excerpt\">\n\t\t\t\t\t\t\t\t\t\t\t<div class=\"tpg-excerpt-inner\">\n\t\t\t\t\t\t\tPremier gros ev\u00e8nement automobile de l&rsquo;anne pour moi, c&rsquo;\u00e9tait le bon moment pour ressortir le mat\u00e9riel, surtout qu&rsquo;il y avait un beau soleil et de belles voitures.\u00a0 \u00a0 C&rsquo;\u00e9tait...\t\t\t\t\t\t<\/div>\n\t\t\t\t\t\t\t\t\t\t\t\t\t\t<\/div>\n\t\t\t\n\t\t\t        <div class=\"post-footer\">\n            <div class=\"post-footer\">\n                <div class=\"read-more\">\n\t\t\t\t\t<a data-id=\"2918\" href=\"https:\/\/lchzvisuals.fr\/index.php\/2025\/08\/30\/mc-autosport-2025\/\" class=\"tpg-post-link\" target=\"_self\">Read More<\/a>                <\/div>\n            <\/div>\n        <\/div>\n\t\t\t\t<\/div>\n\t<\/div>\n<\/div>\n\n<div class=\"rt-col-md-4 rt-col-sm-6 rt-col-xs-12 default rt-grid-item\" data-id=\"2885\">\n\t<div class=\"rt-holder tpg-post-holder \">\n\t\t<div class=\"rt-detail rt-el-content-wrapper\">\n\t\t\t\t\t\t\t<div class=\"rt-img-holder tpg-el-image-wrap has-no-thumbnail\">\n\t\t\t\t\t<a data-id=\"2885\" href=\"https:\/\/lchzvisuals.fr\/index.php\/2025\/07\/16\/ardeche-fitness-2025\/\" class=\"tpg-post-link\" target=\"_self\"><img class='rt-img-responsive' src='https:\/\/lchzvisuals.fr\/wp-content\/uploads\/2025\/11\/HO-1536x1024.jpg' width=\"1536\" height=\"1024\" alt='Ard\u00e8che Fitness &#8211; 2025'>\t\t\n\t\t<\/a>\n\t\t        <div class=\"overlay grid-hover-content\"><\/div>\n\t\t\t\t\t\t<\/div>\n\t\t\t\n\n\t\t\t<div class=\"entry-title-wrapper\"><h3 class=\"entry-title\"><a data-id=\"2885\" href=\"https:\/\/lchzvisuals.fr\/index.php\/2025\/07\/16\/ardeche-fitness-2025\/\" class=\"tpg-post-link\" target=\"_self\">Ard\u00e8che Fitness &#8211; 2025<\/a><\/h3><\/div>\n\t\t\t\n\t\t\t\t\t\t\t<div class=\"tpg-excerpt tpg-el-excerpt\">\n\t\t\t\t\t\t\t\t\t\t\t<div class=\"tpg-excerpt-inner\">\n\t\t\t\t\t\t\tJ&rsquo;ai eu l&rsquo;occasion de travailler en \u00e9quipe sur un projet vid\u00e9o dans une ambiance disons sportive ! Pour entrer dans le contexte, une des personnes de l&rsquo;\u00e9quipe m&rsquo; contact\u00e9 un...\t\t\t\t\t\t<\/div>\n\t\t\t\t\t\t\t\t\t\t\t\t\t\t<\/div>\n\t\t\t\n\t\t\t        <div class=\"post-footer\">\n            <div class=\"post-footer\">\n                <div class=\"read-more\">\n\t\t\t\t\t<a data-id=\"2885\" href=\"https:\/\/lchzvisuals.fr\/index.php\/2025\/07\/16\/ardeche-fitness-2025\/\" class=\"tpg-post-link\" target=\"_self\">Read More<\/a>                <\/div>\n            <\/div>\n        <\/div>\n\t\t\t\t<\/div>\n\t<\/div>\n<\/div>\n\n<div class=\"rt-col-md-4 rt-col-sm-6 rt-col-xs-12 default rt-grid-item\" data-id=\"2847\">\n\t<div class=\"rt-holder tpg-post-holder \">\n\t\t<div class=\"rt-detail rt-el-content-wrapper\">\n\t\t\t\t\t\t\t<div class=\"rt-img-holder tpg-el-image-wrap has-no-thumbnail\">\n\t\t\t\t\t<a data-id=\"2847\" href=\"https:\/\/lchzvisuals.fr\/index.php\/2025\/07\/05\/norvege-norland-2025\/\" class=\"tpg-post-link\" target=\"_self\"><img class='rt-img-responsive' src='https:\/\/lchzvisuals.fr\/wp-content\/uploads\/2025\/05\/LCH01242-1-scaled.jpg' width=\"2560\" height=\"1707\" alt='Norv\u00e8ge (Nordland) &#8211; 2025'>\t\t\n\t\t<\/a>\n\t\t        <div class=\"overlay grid-hover-content\"><\/div>\n\t\t\t\t\t\t<\/div>\n\t\t\t\n\n\t\t\t<div class=\"entry-title-wrapper\"><h3 class=\"entry-title\"><a data-id=\"2847\" href=\"https:\/\/lchzvisuals.fr\/index.php\/2025\/07\/05\/norvege-norland-2025\/\" class=\"tpg-post-link\" target=\"_self\">Norv\u00e8ge (Nordland) &#8211; 2025<\/a><\/h3><\/div>\n\t\t\t\n\t\t\t\t\t\t\t<div class=\"tpg-excerpt tpg-el-excerpt\">\n\t\t\t\t\t\t\t\t\t\t\t<div class=\"tpg-excerpt-inner\">\n\t\t\t\t\t\t\tFin mars, j&rsquo;ai eu l&rsquo;occasion de partir 13 jours en Norv\u00e8ge dans le Compt\u00e9 du Nordland. \u00a0 Quelques jours \u00e0 Tromso pour commencer l&rsquo;aventure puis nous avons sillonn\u00e9 la Norv\u00e8ge en nous...\t\t\t\t\t\t<\/div>\n\t\t\t\t\t\t\t\t\t\t\t\t\t\t<\/div>\n\t\t\t\n\t\t\t        <div class=\"post-footer\">\n            <div class=\"post-footer\">\n                <div class=\"read-more\">\n\t\t\t\t\t<a data-id=\"2847\" href=\"https:\/\/lchzvisuals.fr\/index.php\/2025\/07\/05\/norvege-norland-2025\/\" class=\"tpg-post-link\" target=\"_self\">Read More<\/a>                <\/div>\n            <\/div>\n        <\/div>\n\t\t\t\t<\/div>\n\t<\/div>\n<\/div>\n\n<div class=\"rt-col-md-4 rt-col-sm-6 rt-col-xs-12 default rt-grid-item\" data-id=\"2475\">\n\t<div class=\"rt-holder tpg-post-holder \">\n\t\t<div class=\"rt-detail rt-el-content-wrapper\">\n\t\t\t\t\t\t\t<div class=\"rt-img-holder tpg-el-image-wrap has-no-thumbnail\">\n\t\t\t\t\t<a data-id=\"2475\" href=\"https:\/\/lchzvisuals.fr\/index.php\/2025\/01\/12\/ile-de-la-reunion-2024\/\" class=\"tpg-post-link\" target=\"_self\"><img loading=\"lazy\" class='rt-img-responsive' src='https:\/\/lchzvisuals.fr\/wp-content\/uploads\/2025\/01\/LCH05259.jpg' width=\"2048\" height=\"1365\" alt='Ile de la R\u00e9union &#8211; 2024'>\t\t\n\t\t<\/a>\n\t\t        <div class=\"overlay grid-hover-content\"><\/div>\n\t\t\t\t\t\t<\/div>\n\t\t\t\n\n\t\t\t<div class=\"entry-title-wrapper\"><h3 class=\"entry-title\"><a data-id=\"2475\" href=\"https:\/\/lchzvisuals.fr\/index.php\/2025\/01\/12\/ile-de-la-reunion-2024\/\" class=\"tpg-post-link\" target=\"_self\">Ile de la R\u00e9union &#8211; 2024<\/a><\/h3><\/div>\n\t\t\t\n\t\t\t\t\t\t\t<div class=\"tpg-excerpt tpg-el-excerpt\">\n\t\t\t\t\t\t\t\t\t\t\t<div class=\"tpg-excerpt-inner\">\n\t\t\t\t\t\t\tIl \u00e9tait temps de revenir aux sources !\u00a0 2 semaines de bonheur, m\u00eame si ce n&rsquo;\u00e9tait clairement pas suffisant. C&rsquo;\u00e9tait le moment de revoir toute la famille, de renouer avec ses souvenirs.\u00a0...\t\t\t\t\t\t<\/div>\n\t\t\t\t\t\t\t\t\t\t\t\t\t\t<\/div>\n\t\t\t\n\t\t\t        <div class=\"post-footer\">\n            <div class=\"post-footer\">\n                <div class=\"read-more\">\n\t\t\t\t\t<a data-id=\"2475\" href=\"https:\/\/lchzvisuals.fr\/index.php\/2025\/01\/12\/ile-de-la-reunion-2024\/\" class=\"tpg-post-link\" target=\"_self\">Read More<\/a>                <\/div>\n            <\/div>\n        <\/div>\n\t\t\t\t<\/div>\n\t<\/div>\n<\/div>\n\n<div class=\"rt-col-md-4 rt-col-sm-6 rt-col-xs-12 default rt-grid-item\" data-id=\"2454\">\n\t<div class=\"rt-holder tpg-post-holder \">\n\t\t<div class=\"rt-detail rt-el-content-wrapper\">\n\t\t\t\t\t\t\t<div class=\"rt-img-holder tpg-el-image-wrap has-no-thumbnail\">\n\t\t\t\t\t<a data-id=\"2454\" href=\"https:\/\/lchzvisuals.fr\/index.php\/2025\/01\/12\/lyon\/\" class=\"tpg-post-link\" target=\"_self\"><img loading=\"lazy\" class='rt-img-responsive' src='https:\/\/lchzvisuals.fr\/wp-content\/uploads\/2025\/01\/LCH07955-2.jpg' width=\"2048\" height=\"1365\" alt='Lyon &#8211; 2024'>\t\t\n\t\t<\/a>\n\t\t        <div class=\"overlay grid-hover-content\"><\/div>\n\t\t\t\t\t\t<\/div>\n\t\t\t\n\n\t\t\t<div class=\"entry-title-wrapper\"><h3 class=\"entry-title\"><a data-id=\"2454\" href=\"https:\/\/lchzvisuals.fr\/index.php\/2025\/01\/12\/lyon\/\" class=\"tpg-post-link\" target=\"_self\">Lyon &#8211; 2024<\/a><\/h3><\/div>\n\t\t\t\n\t\t\t\t\t\t\t<div class=\"tpg-excerpt tpg-el-excerpt\">\n\t\t\t\t\t\t\t\t\t\t\t<div class=\"tpg-excerpt-inner\">\n\t\t\t\t\t\t\tLorsque je pars en week-end, il y a certains moment que j&rsquo;ai envie de retranscrire. Donc je me suis dis \u00ab\u00a0Pourquoi ne pas le faire en vid\u00e9o pour changer un peu ?\u00a0\u00bb https:\/\/youtu.be\/GIIhK1_49cM...\t\t\t\t\t\t<\/div>\n\t\t\t\t\t\t\t\t\t\t\t\t\t\t<\/div>\n\t\t\t\n\t\t\t        <div class=\"post-footer\">\n            <div class=\"post-footer\">\n                <div class=\"read-more\">\n\t\t\t\t\t<a data-id=\"2454\" href=\"https:\/\/lchzvisuals.fr\/index.php\/2025\/01\/12\/lyon\/\" class=\"tpg-post-link\" target=\"_self\">Read More<\/a>                <\/div>\n            <\/div>\n        <\/div>\n\t\t\t\t<\/div>\n\t<\/div>\n<\/div>\n\n<div class=\"rt-col-md-4 rt-col-sm-6 rt-col-xs-12 default rt-grid-item\" data-id=\"2390\">\n\t<div class=\"rt-holder tpg-post-holder \">\n\t\t<div class=\"rt-detail rt-el-content-wrapper\">\n\t\t\t\t\t\t\t<div class=\"rt-img-holder tpg-el-image-wrap has-no-thumbnail\">\n\t\t\t\t\t<a data-id=\"2390\" href=\"https:\/\/lchzvisuals.fr\/index.php\/2025\/01\/11\/alps-nippon-syndicate-mars-2023\/\" class=\"tpg-post-link\" target=\"_self\"><img loading=\"lazy\" class='rt-img-responsive' src='https:\/\/lchzvisuals.fr\/wp-content\/uploads\/2024\/04\/auto-7-1024x683.jpg' width=\"1024\" height=\"683\" alt='Alps Nippon Syndicate &#8211; 2023'>\t\t\n\t\t<\/a>\n\t\t        <div class=\"overlay grid-hover-content\"><\/div>\n\t\t\t\t\t\t<\/div>\n\t\t\t\n\n\t\t\t<div class=\"entry-title-wrapper\"><h3 class=\"entry-title\"><a data-id=\"2390\" href=\"https:\/\/lchzvisuals.fr\/index.php\/2025\/01\/11\/alps-nippon-syndicate-mars-2023\/\" class=\"tpg-post-link\" target=\"_self\">Alps Nippon Syndicate &#8211; 2023<\/a><\/h3><\/div>\n\t\t\t\n\t\t\t\t\t\t\t<div class=\"tpg-excerpt tpg-el-excerpt\">\n\t\t\t\t\t\t\t\t\t\t\t<div class=\"tpg-excerpt-inner\">\n\t\t\t\t\t\t\tAlps Nippon Syndicate est une association organisatrice de rassemblement automobiles japonais dans le secteur de Voiron en Is\u00e8re. J&rsquo;adore les rassemblements de voiture (surtout quand il...\t\t\t\t\t\t<\/div>\n\t\t\t\t\t\t\t\t\t\t\t\t\t\t<\/div>\n\t\t\t\n\t\t\t        <div class=\"post-footer\">\n            <div class=\"post-footer\">\n                <div class=\"read-more\">\n\t\t\t\t\t<a data-id=\"2390\" href=\"https:\/\/lchzvisuals.fr\/index.php\/2025\/01\/11\/alps-nippon-syndicate-mars-2023\/\" class=\"tpg-post-link\" target=\"_self\">Read More<\/a>                <\/div>\n            <\/div>\n        <\/div>\n\t\t\t\t<\/div>\n\t<\/div>\n<\/div>\n\n<div class=\"rt-col-md-4 rt-col-sm-6 rt-col-xs-12 default rt-grid-item\" data-id=\"2354\">\n\t<div class=\"rt-holder tpg-post-holder \">\n\t\t<div class=\"rt-detail rt-el-content-wrapper\">\n\t\t\t\t\t\t\t<div class=\"rt-img-holder tpg-el-image-wrap has-no-thumbnail\">\n\t\t\t\t\t<a data-id=\"2354\" href=\"https:\/\/lchzvisuals.fr\/index.php\/2025\/01\/09\/elodie-et-madalin\/\" class=\"tpg-post-link\" target=\"_self\"><img loading=\"lazy\" class='rt-img-responsive' src='https:\/\/lchzvisuals.fr\/wp-content\/uploads\/2024\/04\/LCH09612-1024x683.jpg' width=\"1024\" height=\"683\" alt='Elodie et Madalin &#8211; 2024'>\t\t\n\t\t<\/a>\n\t\t        <div class=\"overlay grid-hover-content\"><\/div>\n\t\t\t\t\t\t<\/div>\n\t\t\t\n\n\t\t\t<div class=\"entry-title-wrapper\"><h3 class=\"entry-title\"><a data-id=\"2354\" href=\"https:\/\/lchzvisuals.fr\/index.php\/2025\/01\/09\/elodie-et-madalin\/\" class=\"tpg-post-link\" target=\"_self\">Elodie et Madalin &#8211; 2024<\/a><\/h3><\/div>\n\t\t\t\n\t\t\t\t\t\t\t<div class=\"tpg-excerpt tpg-el-excerpt\">\n\t\t\t\t\t\t\t\t\t\t\t<div class=\"tpg-excerpt-inner\">\n\t\t\t\t\t\t\tUn air de m\u00e9lancolie et de douceur en ce temps hivernal de d\u00e9cembre ? Elodie et Madalin se sont pr\u00eat\u00e9s au jeu !\u00a0 \u00a0 Les \u00e9motions sont importantes en vid\u00e9o, elles permettent de plonger le spectateur et...\t\t\t\t\t\t<\/div>\n\t\t\t\t\t\t\t\t\t\t\t\t\t\t<\/div>\n\t\t\t\n\t\t\t        <div class=\"post-footer\">\n            <div class=\"post-footer\">\n                <div class=\"read-more\">\n\t\t\t\t\t<a data-id=\"2354\" href=\"https:\/\/lchzvisuals.fr\/index.php\/2025\/01\/09\/elodie-et-madalin\/\" class=\"tpg-post-link\" target=\"_self\">Read More<\/a>                <\/div>\n            <\/div>\n        <\/div>\n\t\t\t\t<\/div>\n\t<\/div>\n<\/div>\n\n<div class=\"rt-col-md-4 rt-col-sm-6 rt-col-xs-12 default rt-grid-item\" data-id=\"1\">\n\t<div class=\"rt-holder tpg-post-holder \">\n\t\t<div class=\"rt-detail rt-el-content-wrapper\">\n\t\t\t\t\t\t\t<div class=\"rt-img-holder tpg-el-image-wrap has-no-thumbnail\">\n\t\t\t\t\t<a data-id=\"1\" href=\"https:\/\/lchzvisuals.fr\/index.php\/2024\/04\/05\/innovabougies\/\" class=\"tpg-post-link\" target=\"_self\"><img loading=\"lazy\" class='rt-img-responsive' src='https:\/\/lchzvisuals.fr\/wp-content\/uploads\/2025\/01\/1.2.2_1.2.2-Copie-1536x1024.jpg' width=\"1536\" height=\"1024\" alt='Innova Bougie &#8211; 2024'>\t\t\n\t\t<\/a>\n\t\t        <div class=\"overlay grid-hover-content\"><\/div>\n\t\t\t\t\t\t<\/div>\n\t\t\t\n\n\t\t\t<div class=\"entry-title-wrapper\"><h3 class=\"entry-title\"><a data-id=\"1\" href=\"https:\/\/lchzvisuals.fr\/index.php\/2024\/04\/05\/innovabougies\/\" class=\"tpg-post-link\" target=\"_self\">Innova Bougie &#8211; 2024<\/a><\/h3><\/div>\n\t\t\t\n\t\t\t\t\t\t\t<div class=\"tpg-excerpt tpg-el-excerpt\">\n\t\t\t\t\t\t\t\t\t\t\t<div class=\"tpg-excerpt-inner\">\n\t\t\t\t\t\t\tInnova Bougie est une entreprise locale sur le secteur de Chamb\u00e9ry. Elle propose \u00e0 la ventre des billes de cire, utilis\u00e9 pour confectionner des bougies, des \u0153uvres d&rsquo;art !\u00a0 Les bougies sont...\t\t\t\t\t\t<\/div>\n\t\t\t\t\t\t\t\t\t\t\t\t\t\t<\/div>\n\t\t\t\n\t\t\t        <div class=\"post-footer\">\n            <div class=\"post-footer\">\n                <div class=\"read-more\">\n\t\t\t\t\t<a data-id=\"1\" href=\"https:\/\/lchzvisuals.fr\/index.php\/2024\/04\/05\/innovabougies\/\" class=\"tpg-post-link\" target=\"_self\">Read More<\/a>                <\/div>\n            <\/div>\n        <\/div>\n\t\t\t\t<\/div>\n\t<\/div>\n<\/div>\n\t\t\t<\/div>\n\t\t\t\n\t\t<\/div>\n\t\t\t\t\t\t<\/div>\n\t\t\t\t<\/div>\n\t\t\t\t<\/div>\n\t\t\t\t<\/div>\n\t\t","protected":false},"excerpt":{"rendered":"<p>Lyon &#8211; 2024 Lorsque je pars en week-end, il y a certains moment que j&rsquo;ai envie de retranscrire. Donc je me suis dis \u00ab\u00a0Pourquoi ne pas le faire en vid\u00e9o pour changer un peu ?\u00a0\u00bb https:\/\/youtu.be\/GIIhK1_49cM&#8230; Read More Alps Nippon Syndicate &#8211; 2023 Alps Nippon Syndicate est une association organisatrice de rassemblement automobiles japonais dans le secteur de Voiron en Is\u00e8re. J&rsquo;adore les rassemblements de voiture (surtout quand il&#8230; Read More Elodie et Madalin &#8211; 2024 Un air de m\u00e9lancolie et de douceur en ce temps hivernal de d\u00e9cembre ? Elodie et Madalin se sont pr\u00eat\u00e9s au jeu !\u00a0 \u00a0 Les \u00e9motions sont importantes en vid\u00e9o, elles permettent de plonger le spectateur et&#8230; Read More Innova Bougie &#8211; 2024 Innova Bougie est une entreprise locale sur le secteur de Chamb\u00e9ry. Elle propose \u00e0 la ventre des billes de cire, utilis\u00e9 pour confectionner des bougies, des \u0153uvres d&rsquo;art !\u00a0 Les bougies sont&#8230; Read More<\/p>\n","protected":false},"author":1,"featured_media":0,"parent":0,"menu_order":0,"comment_status":"closed","ping_status":"closed","template":"page-templates\/template-pagebuilder-full-width.php","meta":{"neve_meta_sidebar":"","neve_meta_container":"","neve_meta_enable_content_width":"","neve_meta_content_width":0,"neve_meta_title_alignment":"","neve_meta_author_avatar":"","neve_post_elements_order":"","neve_meta_disable_header":"","neve_meta_disable_footer":"","neve_meta_disable_title":"","footnotes":""},"folder":[],"class_list":["post-1429","page","type-page","status-publish","hentry"],"rttpg_featured_image_url":null,"rttpg_author":{"display_name":"Laurick","author_link":"https:\/\/lchzvisuals.fr\/index.php\/author\/admin3576\/"},"rttpg_comment":0,"rttpg_category":"","rttpg_excerpt":"Lyon &#8211; 2024 Lorsque je pars en week-end, il y a certains moment que j&rsquo;ai envie de retranscrire. Donc je me suis dis \u00ab\u00a0Pourquoi ne pas le faire en vid\u00e9o pour changer un peu ?\u00a0\u00bb https:\/\/youtu.be\/GIIhK1_49cM&#8230; Read More Alps Nippon Syndicate &#8211; 2023 Alps Nippon Syndicate est une association organisatrice de rassemblement automobiles japonais dans\u2026","_links":{"self":[{"href":"https:\/\/lchzvisuals.fr\/index.php\/wp-json\/wp\/v2\/pages\/1429","targetHints":{"allow":["GET"]}}],"collection":[{"href":"https:\/\/lchzvisuals.fr\/index.php\/wp-json\/wp\/v2\/pages"}],"about":[{"href":"https:\/\/lchzvisuals.fr\/index.php\/wp-json\/wp\/v2\/types\/page"}],"author":[{"embeddable":true,"href":"https:\/\/lchzvisuals.fr\/index.php\/wp-json\/wp\/v2\/users\/1"}],"replies":[{"embeddable":true,"href":"https:\/\/lchzvisuals.fr\/index.php\/wp-json\/wp\/v2\/comments?post=1429"}],"version-history":[{"count":72,"href":"https:\/\/lchzvisuals.fr\/index.php\/wp-json\/wp\/v2\/pages\/1429\/revisions"}],"predecessor-version":[{"id":2482,"href":"https:\/\/lchzvisuals.fr\/index.php\/wp-json\/wp\/v2\/pages\/1429\/revisions\/2482"}],"wp:attachment":[{"href":"https:\/\/lchzvisuals.fr\/index.php\/wp-json\/wp\/v2\/media?parent=1429"}],"wp:term":[{"taxonomy":"folder","embeddable":true,"href":"https:\/\/lchzvisuals.fr\/index.php\/wp-json\/wp\/v2\/folder?post=1429"}],"curies":[{"name":"wp","href":"https:\/\/api.w.org\/{rel}","templated":true}]}}