{"id":2702,"date":"2025-05-23T22:06:26","date_gmt":"2025-05-23T20:06:26","guid":{"rendered":"https:\/\/lchzvisuals.fr\/?page_id=2702"},"modified":"2025-05-23T22:39:42","modified_gmt":"2025-05-23T20:39:42","slug":"faq","status":"publish","type":"page","link":"https:\/\/lchzvisuals.fr\/index.php\/faq\/","title":{"rendered":"FAQ"},"content":{"rendered":"\t\t<div data-elementor-type=\"wp-page\" data-elementor-id=\"2702\" class=\"elementor elementor-2702\">\n\t\t\t\t<div class=\"elementor-element elementor-element-4b8bc59 e-con-full e-flex wpr-particle-no wpr-jarallax-no wpr-parallax-no wpr-sticky-section-no e-con e-child\" data-id=\"4b8bc59\" data-element_type=\"container\" data-e-type=\"container\">\n\t\t\t\t<div class=\"elementor-element elementor-element-73ce21e elementor-widget elementor-widget-heading\" data-id=\"73ce21e\" data-element_type=\"widget\" data-e-type=\"widget\" data-widget_type=\"heading.default\">\n\t\t\t\t<div class=\"elementor-widget-container\">\n\t\t\t\t\t<h2 class=\"elementor-heading-title elementor-size-default\">FAQ<\/h2>\t\t\t\t<\/div>\n\t\t\t\t<\/div>\n\t\t\t\t<div class=\"elementor-element elementor-element-1e33c56 elementor-widget elementor-widget-eael-adv-accordion\" data-id=\"1e33c56\" data-element_type=\"widget\" data-e-type=\"widget\" data-widget_type=\"eael-adv-accordion.default\">\n\t\t\t\t<div class=\"elementor-widget-container\">\n\t\t\t\t\t            <div class=\"eael-adv-accordion\" id=\"eael-adv-accordion-1e33c56\" data-scroll-on-click=\"\" data-scroll-speed=\"300\" data-accordion-id=\"1e33c56\" data-accordion-type=\"accordion\" data-toogle-speed=\"300\">\n            <div class=\"eael-accordion-list\">\n\t\t\t\t\t<div id=\"est-ce-que-la-photographie-est-ton-activit-principale-\" class=\"elementor-tab-title eael-accordion-header\" tabindex=\"0\" data-tab=\"1\" aria-controls=\"elementor-tab-content-3161\"><span class=\"eael-advanced-accordion-icon-closed\"><svg aria-hidden=\"true\" class=\"fa-accordion-icon e-font-icon-svg e-fas-plus\" viewBox=\"0 0 448 512\" xmlns=\"http:\/\/www.w3.org\/2000\/svg\"><path d=\"M416 208H272V64c0-17.67-14.33-32-32-32h-32c-17.67 0-32 14.33-32 32v144H32c-17.67 0-32 14.33-32 32v32c0 17.67 14.33 32 32 32h144v144c0 17.67 14.33 32 32 32h32c17.67 0 32-14.33 32-32V304h144c17.67 0 32-14.33 32-32v-32c0-17.67-14.33-32-32-32z\"><\/path><\/svg><\/span><span class=\"eael-advanced-accordion-icon-opened\"><svg aria-hidden=\"true\" class=\"fa-accordion-icon e-font-icon-svg e-fas-minus\" viewBox=\"0 0 448 512\" xmlns=\"http:\/\/www.w3.org\/2000\/svg\"><path d=\"M416 208H32c-17.67 0-32 14.33-32 32v32c0 17.67 14.33 32 32 32h384c17.67 0 32-14.33 32-32v-32c0-17.67-14.33-32-32-32z\"><\/path><\/svg><\/span><span class=\"eael-accordion-tab-title\">Est-ce que la photographie est ton activit\u00e9 principale ?<\/span><\/div><div id=\"elementor-tab-content-3161\" class=\"eael-accordion-content clearfix\" data-tab=\"1\" aria-labelledby=\"est-ce-que-la-photographie-est-ton-activit-principale-\"><p>A l&rsquo;heure actuelle, la Photographie est mon activit\u00e9 secondaire que j&rsquo;exerce durant mon temps libre (week-end, jours f\u00e9ri\u00e9s et la semaine en soir\u00e9e).<\/p><p>Si cela est n\u00e9cessaire, des cr\u00e9neaux de journ\u00e9e en semaine peuvent \u00eatre ouverts sous r\u00e9serve du blocage d&rsquo;un cr\u00e9neau \u00e0 l&rsquo;avance.<\/p><\/div>\n\t\t\t\t\t<\/div><div class=\"eael-accordion-list\">\n\t\t\t\t\t<div id=\"quel-sont-les-dlais-de-livraison-\" class=\"elementor-tab-title eael-accordion-header\" tabindex=\"0\" data-tab=\"2\" aria-controls=\"elementor-tab-content-3162\"><span class=\"eael-advanced-accordion-icon-closed\"><svg aria-hidden=\"true\" class=\"fa-accordion-icon e-font-icon-svg e-fas-plus\" viewBox=\"0 0 448 512\" xmlns=\"http:\/\/www.w3.org\/2000\/svg\"><path d=\"M416 208H272V64c0-17.67-14.33-32-32-32h-32c-17.67 0-32 14.33-32 32v144H32c-17.67 0-32 14.33-32 32v32c0 17.67 14.33 32 32 32h144v144c0 17.67 14.33 32 32 32h32c17.67 0 32-14.33 32-32V304h144c17.67 0 32-14.33 32-32v-32c0-17.67-14.33-32-32-32z\"><\/path><\/svg><\/span><span class=\"eael-advanced-accordion-icon-opened\"><svg aria-hidden=\"true\" class=\"fa-accordion-icon e-font-icon-svg e-fas-photo-video\" viewBox=\"0 0 640 512\" xmlns=\"http:\/\/www.w3.org\/2000\/svg\"><path d=\"M608 0H160a32 32 0 0 0-32 32v96h160V64h192v320h128a32 32 0 0 0 32-32V32a32 32 0 0 0-32-32zM232 103a9 9 0 0 1-9 9h-30a9 9 0 0 1-9-9V73a9 9 0 0 1 9-9h30a9 9 0 0 1 9 9zm352 208a9 9 0 0 1-9 9h-30a9 9 0 0 1-9-9v-30a9 9 0 0 1 9-9h30a9 9 0 0 1 9 9zm0-104a9 9 0 0 1-9 9h-30a9 9 0 0 1-9-9v-30a9 9 0 0 1 9-9h30a9 9 0 0 1 9 9zm0-104a9 9 0 0 1-9 9h-30a9 9 0 0 1-9-9V73a9 9 0 0 1 9-9h30a9 9 0 0 1 9 9zm-168 57H32a32 32 0 0 0-32 32v288a32 32 0 0 0 32 32h384a32 32 0 0 0 32-32V192a32 32 0 0 0-32-32zM96 224a32 32 0 1 1-32 32 32 32 0 0 1 32-32zm288 224H64v-32l64-64 32 32 128-128 96 96z\"><\/path><\/svg><\/span><span class=\"eael-accordion-tab-title\">Quel sont les d\u00e9lais de livraison ?<\/span><\/div><div id=\"elementor-tab-content-3162\" class=\"eael-accordion-content clearfix\" data-tab=\"2\" aria-labelledby=\"quel-sont-les-dlais-de-livraison-\"><p>Pour toutes mes prestations, les photos sont livr\u00e9es dans un d\u00e9lai de 15 jours et maximum 30 jours. Je fais l&rsquo;effort de traiter les images rapidement, n\u00e9anmoins mes contraintes professionnelles peuvent rallonger ce d\u00e9lai. Le but \u00e9tant de vous livrer des images de qualit\u00e9 !<\/p><\/div>\n\t\t\t\t\t<\/div><div class=\"eael-accordion-list\">\n\t\t\t\t\t<div id=\"quel-est-ton-primtre-de-dplacement-\" class=\"elementor-tab-title eael-accordion-header\" tabindex=\"0\" data-tab=\"3\" aria-controls=\"elementor-tab-content-3163\"><span class=\"eael-advanced-accordion-icon-closed\"><svg aria-hidden=\"true\" class=\"fa-accordion-icon e-font-icon-svg e-fas-plus\" viewBox=\"0 0 448 512\" xmlns=\"http:\/\/www.w3.org\/2000\/svg\"><path d=\"M416 208H272V64c0-17.67-14.33-32-32-32h-32c-17.67 0-32 14.33-32 32v144H32c-17.67 0-32 14.33-32 32v32c0 17.67 14.33 32 32 32h144v144c0 17.67 14.33 32 32 32h32c17.67 0 32-14.33 32-32V304h144c17.67 0 32-14.33 32-32v-32c0-17.67-14.33-32-32-32z\"><\/path><\/svg><\/span><span class=\"eael-advanced-accordion-icon-opened\"><svg aria-hidden=\"true\" class=\"fa-accordion-icon e-font-icon-svg e-fas-minus\" viewBox=\"0 0 448 512\" xmlns=\"http:\/\/www.w3.org\/2000\/svg\"><path d=\"M416 208H32c-17.67 0-32 14.33-32 32v32c0 17.67 14.33 32 32 32h384c17.67 0 32-14.33 32-32v-32c0-17.67-14.33-32-32-32z\"><\/path><\/svg><\/span><span class=\"eael-accordion-tab-title\">Quel est ton p\u00e9rim\u00e8tre de d\u00e9placement ?<\/span><\/div><div id=\"elementor-tab-content-3163\" class=\"eael-accordion-content clearfix\" data-tab=\"3\" aria-labelledby=\"quel-est-ton-primtre-de-dplacement-\"><p>En raison de mon activit\u00e9 principale, je limite mes d\u00e9placements uniquement aux d\u00e9partements de la Savoie, Haute-Savoie, Is\u00e8re, Rh\u00f4ne, Ain et Suisse.<\/p><p>N\u00e9anmoins, il peut y avoir des exceptions en fonction de la taille du projet (r\u00e9serv\u00e9 aux professionnels)<\/p><\/div>\n\t\t\t\t\t<\/div><div class=\"eael-accordion-list\">\n\t\t\t\t\t<div id=\"est-ce-que-le-montant-de-lacompte-est-remboursable-\" class=\"elementor-tab-title eael-accordion-header\" tabindex=\"0\" data-tab=\"4\" aria-controls=\"elementor-tab-content-3164\"><span class=\"eael-advanced-accordion-icon-closed\"><svg aria-hidden=\"true\" class=\"fa-accordion-icon e-font-icon-svg e-fas-plus\" viewBox=\"0 0 448 512\" xmlns=\"http:\/\/www.w3.org\/2000\/svg\"><path d=\"M416 208H272V64c0-17.67-14.33-32-32-32h-32c-17.67 0-32 14.33-32 32v144H32c-17.67 0-32 14.33-32 32v32c0 17.67 14.33 32 32 32h144v144c0 17.67 14.33 32 32 32h32c17.67 0 32-14.33 32-32V304h144c17.67 0 32-14.33 32-32v-32c0-17.67-14.33-32-32-32z\"><\/path><\/svg><\/span><span class=\"eael-advanced-accordion-icon-opened\"><svg aria-hidden=\"true\" class=\"fa-accordion-icon e-font-icon-svg e-fas-minus\" viewBox=\"0 0 448 512\" xmlns=\"http:\/\/www.w3.org\/2000\/svg\"><path d=\"M416 208H32c-17.67 0-32 14.33-32 32v32c0 17.67 14.33 32 32 32h384c17.67 0 32-14.33 32-32v-32c0-17.67-14.33-32-32-32z\"><\/path><\/svg><\/span><span class=\"eael-accordion-tab-title\">Est-ce que le montant de l'acompte est remboursable ?<\/span><\/div><div id=\"elementor-tab-content-3164\" class=\"eael-accordion-content clearfix\" data-tab=\"4\" aria-labelledby=\"est-ce-que-le-montant-de-lacompte-est-remboursable-\"><p>Lorsque la r\u00e9servation de la s\u00e9ance est effectu\u00e9e et le versement de l&rsquo;acompte r\u00e9alis\u00e9, celui-ci n&rsquo;est pas remboursable. Il permet au photographe de r\u00e9server votre cr\u00e9neau mais aussi couvrir les frais de pr\u00e9parations et de s\u00e9curiser la perte financi\u00e8re en cas d&rsquo;annulation.<\/p><\/div>\n\t\t\t\t\t<\/div><\/div>\t\t\t\t<\/div>\n\t\t\t\t<\/div>\n\t\t\t\t<\/div>\n\t\t\t\t<\/div>\n\t\t","protected":false},"excerpt":{"rendered":"<p>FAQ Est-ce que la photographie est ton activit\u00e9 principale ? A l&rsquo;heure actuelle, la Photographie est mon activit\u00e9 secondaire que j&rsquo;exerce durant mon temps libre (week-end, jours f\u00e9ri\u00e9s et la semaine en soir\u00e9e). Si cela est n\u00e9cessaire, des cr\u00e9neaux de journ\u00e9e en semaine peuvent \u00eatre ouverts sous r\u00e9serve du blocage d&rsquo;un cr\u00e9neau \u00e0 l&rsquo;avance. Quel sont les d\u00e9lais de livraison ? Pour toutes mes prestations, les photos sont livr\u00e9es dans un d\u00e9lai de 15 jours et maximum 30 jours. Je fais l&rsquo;effort de traiter les images rapidement, n\u00e9anmoins mes contraintes professionnelles peuvent rallonger ce d\u00e9lai. Le but \u00e9tant de vous livrer des images de qualit\u00e9 ! Quel est ton p\u00e9rim\u00e8tre de d\u00e9placement ? En raison de mon activit\u00e9 principale, je limite mes d\u00e9placements uniquement aux d\u00e9partements de la Savoie, Haute-Savoie, Is\u00e8re, Rh\u00f4ne, Ain et Suisse. N\u00e9anmoins, il peut y avoir des exceptions en fonction de la taille du projet (r\u00e9serv\u00e9 aux professionnels) Est-ce que le montant de l&rsquo;acompte est remboursable ? Lorsque la r\u00e9servation de la s\u00e9ance est effectu\u00e9e et le versement de l&rsquo;acompte r\u00e9alis\u00e9, celui-ci n&rsquo;est pas remboursable. Il permet au photographe de r\u00e9server votre cr\u00e9neau mais aussi couvrir les frais de pr\u00e9parations et de s\u00e9curiser la perte financi\u00e8re en cas d&rsquo;annulation.<\/p>\n","protected":false},"author":1,"featured_media":0,"parent":0,"menu_order":0,"comment_status":"closed","ping_status":"closed","template":"page-templates\/template-pagebuilder-full-width.php","meta":{"neve_meta_sidebar":"","neve_meta_container":"","neve_meta_enable_content_width":"","neve_meta_content_width":0,"neve_meta_title_alignment":"","neve_meta_author_avatar":"","neve_post_elements_order":"","neve_meta_disable_header":"","neve_meta_disable_footer":"","neve_meta_disable_title":"","footnotes":""},"folder":[],"class_list":["post-2702","page","type-page","status-publish","hentry"],"rttpg_featured_image_url":null,"rttpg_author":{"display_name":"Laurick","author_link":"https:\/\/lchzvisuals.fr\/index.php\/author\/admin3576\/"},"rttpg_comment":0,"rttpg_category":false,"rttpg_excerpt":"FAQ Est-ce que la photographie est ton activit\u00e9 principale ? A l&rsquo;heure actuelle, la Photographie est mon activit\u00e9 secondaire que j&rsquo;exerce durant mon temps libre (week-end, jours f\u00e9ri\u00e9s et la semaine en soir\u00e9e). Si cela est n\u00e9cessaire, des cr\u00e9neaux de journ\u00e9e en semaine peuvent \u00eatre ouverts sous r\u00e9serve du blocage d&rsquo;un cr\u00e9neau \u00e0 l&rsquo;avance. Quel\u2026","_links":{"self":[{"href":"https:\/\/lchzvisuals.fr\/index.php\/wp-json\/wp\/v2\/pages\/2702","targetHints":{"allow":["GET"]}}],"collection":[{"href":"https:\/\/lchzvisuals.fr\/index.php\/wp-json\/wp\/v2\/pages"}],"about":[{"href":"https:\/\/lchzvisuals.fr\/index.php\/wp-json\/wp\/v2\/types\/page"}],"author":[{"embeddable":true,"href":"https:\/\/lchzvisuals.fr\/index.php\/wp-json\/wp\/v2\/users\/1"}],"replies":[{"embeddable":true,"href":"https:\/\/lchzvisuals.fr\/index.php\/wp-json\/wp\/v2\/comments?post=2702"}],"version-history":[{"count":22,"href":"https:\/\/lchzvisuals.fr\/index.php\/wp-json\/wp\/v2\/pages\/2702\/revisions"}],"predecessor-version":[{"id":2727,"href":"https:\/\/lchzvisuals.fr\/index.php\/wp-json\/wp\/v2\/pages\/2702\/revisions\/2727"}],"wp:attachment":[{"href":"https:\/\/lchzvisuals.fr\/index.php\/wp-json\/wp\/v2\/media?parent=2702"}],"wp:term":[{"taxonomy":"folder","embeddable":true,"href":"https:\/\/lchzvisuals.fr\/index.php\/wp-json\/wp\/v2\/folder?post=2702"}],"curies":[{"name":"wp","href":"https:\/\/api.w.org\/{rel}","templated":true}]}}